{"id":632,"date":"2026-05-04T12:14:15","date_gmt":"2026-05-04T10:14:15","guid":{"rendered":"https:\/\/www.sanzlamas.com\/legal-notice\/"},"modified":"2026-05-13T12:27:34","modified_gmt":"2026-05-13T10:27:34","slug":"legal-notice","status":"publish","type":"page","link":"https:\/\/www.sanzlamas.com\/en\/legal-notice\/","title":{"rendered":"Legal Notice"},"content":{"rendered":"<div class=\"et_pb_section_0 et_pb_section et_section_regular et_block_section\">\n<div class=\"et_pb_row_0 et_pb_row et_flex_row\">\n<div class=\"et_pb_column_0 et_pb_column et-last-child et_flex_column et_pb_css_mix_blend_mode_passthrough et_flex_column_24_24 et_flex_column_24_24_tablet et_flex_column_24_24_phone\">\n<div class=\"et_pb_text_0 et_pb_text et_pb_bg_layout_light et_pb_module et_flex_module\"><div class=\"et_pb_text_inner\"><h1 style=\"display: flex; justify-content: center; font-size: 32pt;\"><strong>Legal Notice<\/strong><\/h1>\n<\/div><\/div>\n<\/div>\n<\/div>\n\n<div class=\"et_pb_row_1 et_pb_row et_flex_row\">\n<div class=\"et_pb_column_1 et_pb_column et_flex_column et_pb_css_mix_blend_mode_passthrough et_flex_column_24_24 et_flex_column_24_24_tablet et_flex_column_24_24_phone\">\n<div class=\"et_pb_row_2 et_pb_row et_pb_row_nested et_flex_row pp-title\">\n<div class=\"et_pb_column_2 et_pb_column et-last-child et_flex_column et_pb_css_mix_blend_mode_passthrough et_flex_column_24_24 et_flex_column_24_24_tablet et_flex_column_24_24_phone\">\n<div class=\"et_pb_text_1 et_pb_text et_pb_bg_layout_light et_pb_module et_flex_module\"><div class=\"et_pb_text_inner\"><div style=\"border-bottom: 2px solid #8B0000; padding-bottom: 6px; border-bottom-left-radius: 5px; width: fit-content;\">\n<h3 data-path-to-node=\"4\">1. ADDITIONAL INFORMATION (LSSI)<\/h3>\n<p data-path-to-node=\"5\">\n<\/div>\n<\/div><\/div>\n\n<div class=\"et_pb_text_2 et_pb_text et_pb_bg_layout_light et_pb_module et_flex_module\"><div class=\"et_pb_text_inner\"><div style=\"margin-bottom: 32px;\">\n<p data-path-to-node=\"5\">In compliance with Article 10 of Law 34\/2002 of July 11 on Information Society Services and Electronic Commerce (LSSI-CE), the identifying information of the website owner is provided below:<\/p>\n<ul data-path-to-node=\"6\">\n<li>\n<p data-path-to-node=\"6,0,0\"><strong>Company Name<\/strong><b data-path-to-node=\"6,0,0\" data-index-in-node=\"0\">:<\/b> Sanz-Lamas | Consulting and Administrative Services, LLC<\/p>\n<\/li>\n<li>\n<p data-path-to-node=\"6,1,0\"><strong>NIF\/CIF<\/strong><b data-path-to-node=\"6,1,0\" data-index-in-node=\"0\">:<\/b> ???<\/p>\n<\/li>\n<li>\n<p data-path-to-node=\"6,2,0\"><strong>Domicilio Social<\/strong><b data-path-to-node=\"6,2,0\" data-index-in-node=\"0\">:<\/b> Carrer de Tarragona, 5bis, 12003 Castell\u00f3n de la Plana<\/p>\n<\/li>\n<li>\n<p data-path-to-node=\"6,3,0\">Email<b data-path-to-node=\"6,3,0\" data-index-in-node=\"0\">:<\/b> <a href=\"mailto:despacho@sanzlamas.com\" title=\"despacho@sanzlamas.com\" target=\"_blank\" rel=\"noopener\">despacho@sanzlamas.com<\/a><\/p>\n<\/li>\n<li>\n<p data-path-to-node=\"6,4,0\"><strong>Phone Numbers<\/strong><b data-path-to-node=\"6,4,0\" data-index-in-node=\"0\">: <a href=\"tel:964237312\" target=\"_blank\" rel=\"noopener\" title=\"964 23 73 12\">964 23 73 12<\/a><\/b> y <a href=\"tel:630437207\" title=\"630 43 72 07\"><b data-path-to-node=\"6,4,0\" data-index-in-node=\"0\">630 43 72 07<\/b><\/a>.<\/p>\n<\/li>\n<\/ul>\n<\/div>\n<\/div><\/div>\n<\/div>\n<\/div>\n\n<div class=\"et_pb_row_3 et_pb_row et_pb_row_nested et_flex_row pp-title\">\n<div class=\"et_pb_column_3 et_pb_column et-last-child et_flex_column et_pb_css_mix_blend_mode_passthrough et_flex_column_24_24 et_flex_column_24_24_tablet et_flex_column_24_24_phone\">\n<div class=\"et_pb_text_3 et_pb_text et_pb_bg_layout_light et_pb_module et_flex_module\"><div class=\"et_pb_text_inner\"><div style=\"border-bottom: 2px solid #8B0000; padding-bottom: 6px; border-bottom-left-radius: 5px; width: fit-content;\">\n<h3 data-path-to-node=\"7\">2. OBJECT<\/h3>\n<\/div>\n<\/div><\/div>\n\n<div class=\"et_pb_text_4 et_pb_text et_pb_bg_layout_light et_pb_module et_flex_module\"><div class=\"et_pb_text_inner\"><div style=\"margin-bottom: 32px;\">El presente Aviso Legal regula el uso del sitio web <b data-path-to-node=\"8\" data-index-in-node=\"52\"><response-element class=\"\" ng-version=\"0.0.0-PLACEHOLDER\"> <link-block _nghost-ng-c521991457=\"\" class=\"ng-star-inserted\"><a _ngcontent-ng-c521991457=\"\" target=\"_blank\" rel=\"noopener\" externallink=\"\" _nghost-ng-c193956484=\"\" jslog=\"197247;track:generic_click,impression,attention;BardVeMetadataKey:[[&quot;r_58cae56a49c341cd&quot;,&quot;c_ba046c1a50bdc1b5&quot;,null,&quot;rc_738b9b57a845f60b&quot;,null,null,&quot;es&quot;,null,1,null,null,1,0]]\" href=\"https:\/\/www.sanzlamas.com\/\" class=\"ng-star-inserted\" data-hveid=\"0\" decode-data-ved=\"1\" data-ved=\"0CAAQ_4QMahcKEwiTo96zrZ-UAxUAAAAAHQAAAAAQPA\">https:\/\/www.sanzlamas.com\/<\/a><\/link-block><\/response-element><\/b>, del que es responsable el Titular. La navegaci\u00f3n por el sitio web atribuye la condici\u00f3n de usuario e implica la aceptaci\u00f3n plena y sin reservas de todas las disposiciones incluidas en este Aviso Legal.<\/div>\n<\/div><\/div>\n<\/div>\n<\/div>\n\n<div class=\"et_pb_row_4 et_pb_row et_pb_row_nested et_flex_row pp-title\">\n<div class=\"et_pb_column_4 et_pb_column et-last-child et_flex_column et_pb_css_mix_blend_mode_passthrough et_flex_column_24_24 et_flex_column_24_24_tablet et_flex_column_24_24_phone\">\n<div class=\"et_pb_text_5 et_pb_text et_pb_bg_layout_light et_pb_module et_flex_module\"><div class=\"et_pb_text_inner\"><div style=\"border-bottom: 2px solid #8B0000; padding-bottom: 6px; border-bottom-left-radius: 5px; width: fit-content;\">\n<h3 data-path-to-node=\"9\">3. TERMS OF USE<\/h3>\n<\/div>\n<\/div><\/div>\n\n<div class=\"et_pb_text_6 et_pb_text et_pb_bg_layout_light et_pb_module et_flex_module\"><div class=\"et_pb_text_inner\"><div style=\"margin-bottom: 32px;\">\n<p data-path-to-node=\"10\" id=\"p-rc_738b9b57a845f60b-19\">The user agrees to make appropriate use of the content and services that Sanz Lamas offer<span class=\"citation-29 citation-end-29\">s through its website. It is prohibited to use the website for<\/span>:<\/p>\n<ul data-path-to-node=\"11\">\n<li>\n<p data-path-to-node=\"11,0,0\" id=\"p-rc_738b9b57a845f60b-20\"><span class=\"citation-28 citation-end-28\"><strong>Engaging<\/strong> in activities that are unlawful, illegal, or contrary to good faith and public order.<source-footnote ng-version=\"0.0.0-PLACEHOLDER\" _nghost-ng-c3930756047=\"\"><sup _ngcontent-ng-c3930756047=\"\" class=\"superscript\" data-turn-source-index=\"2\"><\/sup><\/source-footnote><\/span><sources-carousel-inline ng-version=\"0.0.0-PLACEHOLDER\" _nghost-ng-c3520645470=\"\"><source-inline-chip _ngcontent-ng-c3520645470=\"\" _nghost-ng-c1316062317=\"\" class=\"ng-star-inserted\"><\/source-inline-chip><\/sources-carousel-inline><\/p>\n<\/li>\n<li>\n<p data-path-to-node=\"11,1,0\" id=\"p-rc_738b9b57a845f60b-21\"><span class=\"citation-27 citation-end-27\"><strong>Disseminating<\/strong> content or propaganda that is racist, xenophobic, or involves illegal por<source-footnote ng-version=\"0.0.0-PLACEHOLDER\" _nghost-ng-c3930756047=\"\"><sup _ngcontent-ng-c3930756047=\"\" class=\"superscript\" data-turn-source-index=\"3\"><\/sup><\/source-footnote>nography<\/span>; or that glorifies terrorism or violates human rights.<sources-carousel-inline ng-version=\"0.0.0-PLACEHOLDER\" _nghost-ng-c3520645470=\"\"><source-inline-chip _ngcontent-ng-c3520645470=\"\" _nghost-ng-c1316062317=\"\" class=\"ng-star-inserted\"><\/source-inline-chip><\/sources-carousel-inline><\/p>\n<\/li>\n<li>\n<p data-path-to-node=\"11,2,0\">To cause damage to the physical or logical systems of Sanz Lams or third parties.<\/p>\n<\/li>\n<\/ul>\n<\/div>\n<\/div><\/div>\n<\/div>\n<\/div>\n<\/div>\n\n<div class=\"et_pb_column_5 et_pb_column et-last-child et_flex_column et_pb_css_mix_blend_mode_passthrough et_flex_column_24_24 et_flex_column_24_24_tablet et_flex_column_24_24_phone\">\n<div class=\"et_pb_row_5 et_pb_row et_pb_row_nested et_flex_row pp-title\">\n<div class=\"et_pb_column_6 et_pb_column et-last-child et_flex_column et_pb_css_mix_blend_mode_passthrough et_flex_column_24_24 et_flex_column_24_24_tablet et_flex_column_24_24_phone\">\n<div class=\"et_pb_text_7 et_pb_text et_pb_bg_layout_light et_pb_module et_flex_module\"><div class=\"et_pb_text_inner\"><div style=\"border-bottom: 2px solid #8B0000; padding-bottom: 6px; border-bottom-left-radius: 5px; width: fit-content;\">\n<h3 data-path-to-node=\"12\">4. INTELLECTUAL AND INDUSTRIAL PROPERTY<\/h3>\n<\/div>\n<\/div><\/div>\n\n<div class=\"et_pb_text_8 et_pb_text et_pb_bg_layout_light et_pb_module et_flex_module\"><div class=\"et_pb_text_inner\"><div style=\"margin-bottom: 32px;\">This Legal Notice governs the use of the website <link-block _nghost-ng-c521991457=\"\" class=\"ng-star-inserted\"><response-element class=\"\" ng-version=\"0.0.0-PLACEHOLDER\"><b data-path-to-node=\"8\" data-index-in-node=\"52\"><a _ngcontent-ng-c521991457=\"\" target=\"_blank\" rel=\"noopener\" externallink=\"\" _nghost-ng-c193956484=\"\" jslog=\"197247;track:generic_click,impression,attention;BardVeMetadataKey:[[\"r_58cae56a49c341cd\",\"c_ba046c1a50bdc1b5\",null,\"rc_738b9b57a845f60b\",null,null,\"es\",null,1,null,null,1,0]]\" href=\"https:\/\/www.instagram.com\/p\/DQfQhP2jhJi\/\" class=\"ng-star-inserted\" data-hveid=\"0\" decode-data-ved=\"1\" data-ved=\"0CAAQ_4QMahcKEwiTo96zrZ-UAxUAAAAAHQAAAAAQPA\">https:\/\/www.sanzlamas.com\/<\/link-block><\/a>,<\/b><\/response-element> for which the Owner is responsible. By browsing the website, you are deemed a user and are deemed to have fully and unreservedly accepted all the provisions contained in this Legal Notice. <\/div>\n<\/div><\/div>\n<\/div>\n<\/div>\n\n<div class=\"et_pb_row_6 et_pb_row et_pb_row_nested et_flex_row pp-title\">\n<div class=\"et_pb_column_7 et_pb_column et-last-child et_flex_column et_pb_css_mix_blend_mode_passthrough et_flex_column_24_24 et_flex_column_24_24_tablet et_flex_column_24_24_phone\">\n<div class=\"et_pb_text_9 et_pb_text et_pb_bg_layout_light et_pb_module et_flex_module\"><div class=\"et_pb_text_inner\"><div style=\"border-bottom: 2px solid #8B0000; padding-bottom: 6px; border-bottom-left-radius: 5px; width: fit-content;\">\n<h3 data-path-to-node=\"12\">5. DISCLAIMER<\/h3>\n<\/div>\n<\/div><\/div>\n\n<div class=\"et_pb_text_10 et_pb_text et_pb_bg_layout_light et_pb_module et_flex_module\"><div class=\"et_pb_text_inner\"><div style=\"margin-bottom: 32px;\">\n<p data-path-to-node=\"15\"><b data-path-to-node=\"15\" data-index-in-node=\"0\">Sanz Lamas<\/b> shall not be liable, under any circumstances, for damages of any kind that may arise from, but are not limited to: errors or omissions in the content, the unavailability of the website, or the transmission of viruses or malicious software, despite having taken all necessary technical measures to prevent such occurrences.<\/p>\n<\/div>\n<\/div><\/div>\n<\/div>\n<\/div>\n\n<div class=\"et_pb_row_7 et_pb_row et_pb_row_nested et_flex_row pp-title\">\n<div class=\"et_pb_column_8 et_pb_column et-last-child et_flex_column et_pb_css_mix_blend_mode_passthrough et_flex_column_24_24 et_flex_column_24_24_tablet et_flex_column_24_24_phone\">\n<div class=\"et_pb_text_11 et_pb_text et_pb_bg_layout_light et_pb_module et_flex_module\"><div class=\"et_pb_text_inner\"><div style=\"border-bottom: 2px solid #8B0000; padding-bottom: 6px; border-bottom-left-radius: 5px; width: fit-content;\">\n<h3 data-path-to-node=\"16\">6. LINKS<\/h3>\n<\/div>\n<\/div><\/div>\n\n<div class=\"et_pb_text_12 et_pb_text et_pb_bg_layout_light et_pb_module et_flex_module\"><div class=\"et_pb_text_inner\"><div style=\"margin-bottom: 32px;\">\n<p data-path-to-node=\"17\">In the event that the website contains links or hyperlinks to other websites, <b data-path-to-node=\"17\" data-index-in-node=\"99\">Sanz Lamas<\/b> exercises no control over such sites or their content. Under no circumstances will it assume any liability for the content of any link belonging to a third-party website. <\/p>\n<\/div>\n<\/div><\/div>\n<\/div>\n<\/div>\n\n<div class=\"et_pb_row_8 et_pb_row et_pb_row_nested et_flex_row pp-title\">\n<div class=\"et_pb_column_9 et_pb_column et-last-child et_flex_column et_pb_css_mix_blend_mode_passthrough et_flex_column_24_24 et_flex_column_24_24_tablet et_flex_column_24_24_phone\">\n<div class=\"et_pb_text_13 et_pb_text et_pb_bg_layout_light et_pb_module et_flex_module\"><div class=\"et_pb_text_inner\"><div style=\"border-bottom: 2px solid #8B0000; padding-bottom: 6px; border-bottom-left-radius: 5px; width: fit-content;\">\n<h3 data-path-to-node=\"18\">7. CHANGES<\/h3>\n<\/div>\n<\/div><\/div>\n\n<div class=\"et_pb_text_14 et_pb_text et_pb_bg_layout_light et_pb_module et_flex_module\"><div class=\"et_pb_text_inner\"><div style=\"margin-bottom: 32px;\"><b data-path-to-node=\"19\" data-index-in-node=\"0\">Sanz Lamas<\/b> reserves the right to make any changes it deems appropriate to its website without prior notice, and may change, remove, or add both the content and services provided through the website and the manner in which they are presented or located on the website.<\/div>\n<\/div><\/div>\n<\/div>\n<\/div>\n\n<div class=\"et_pb_row_9 et_pb_row et_pb_row_nested et_flex_row pp-title\">\n<div class=\"et_pb_column_10 et_pb_column et-last-child et_flex_column et_pb_css_mix_blend_mode_passthrough et_flex_column_24_24 et_flex_column_24_24_tablet et_flex_column_24_24_phone\">\n<div class=\"et_pb_text_15 et_pb_text et_pb_bg_layout_light et_pb_module et_flex_module\"><div class=\"et_pb_text_inner\"><div style=\"border-bottom: 2px solid #8B0000; padding-bottom: 6px; border-bottom-left-radius: 5px; width: fit-content;\">\n<h3 data-path-to-node=\"20\">8. APPLICABLE LAW AND JURISDICTION<\/h3>\n<\/div>\n<\/div><\/div>\n\n<div class=\"et_pb_text_16 et_pb_text et_pb_bg_layout_light et_pb_module et_flex_module\"><div class=\"et_pb_text_inner\"><div style=\"margin-bottom: 32px;\">El presente Aviso Legal regula el uso del sitio web <b data-path-to-node=\"8\" data-index-in-node=\"52\"><response-element class=\"\" ng-version=\"0.0.0-PLACEHOLDER\"> <link-block _nghost-ng-c521991457=\"\" class=\"ng-star-inserted\"><a _ngcontent-ng-c521991457=\"\" target=\"_blank\" rel=\"noopener\" externallink=\"\" _nghost-ng-c193956484=\"\" jslog=\"197247;track:generic_click,impression,attention;BardVeMetadataKey:[[&quot;r_58cae56a49c341cd&quot;,&quot;c_ba046c1a50bdc1b5&quot;,null,&quot;rc_738b9b57a845f60b&quot;,null,null,&quot;es&quot;,null,1,null,null,1,0]]\" href=\"https:\/\/www.sanzlamas.com\/\" class=\"ng-star-inserted\" data-hveid=\"0\" decode-data-ved=\"1\" data-ved=\"0CAAQ_4QMahcKEwiTo96zrZ-UAxUAAAAAHQAAAAAQPA\">https:\/\/www.sanzlamas.com\/<\/a><\/link-block><\/response-element><\/b>, del que es responsable el Titular. La navegaci\u00f3n por el sitio web atribuye la condici\u00f3n de usuario e implica la aceptaci\u00f3n plena y sin reservas de todas las disposiciones incluidas en este Aviso Legal.<\/div>\n<\/div><\/div>\n<\/div>\n<\/div>\n<\/div>\n<\/div>\n<\/div>","protected":false},"excerpt":{"rendered":"","protected":false},"author":2,"featured_media":0,"parent":0,"menu_order":0,"comment_status":"closed","ping_status":"closed","template":"","meta":{"footnotes":""},"class_list":["post-632","page","type-page","status-publish","hentry"],"_links":{"self":[{"href":"https:\/\/www.sanzlamas.com\/en\/wp-json\/wp\/v2\/pages\/632","targetHints":{"allow":["GET"]}}],"collection":[{"href":"https:\/\/www.sanzlamas.com\/en\/wp-json\/wp\/v2\/pages"}],"about":[{"href":"https:\/\/www.sanzlamas.com\/en\/wp-json\/wp\/v2\/types\/page"}],"author":[{"embeddable":true,"href":"https:\/\/www.sanzlamas.com\/en\/wp-json\/wp\/v2\/users\/2"}],"replies":[{"embeddable":true,"href":"https:\/\/www.sanzlamas.com\/en\/wp-json\/wp\/v2\/comments?post=632"}],"version-history":[{"count":3,"href":"https:\/\/www.sanzlamas.com\/en\/wp-json\/wp\/v2\/pages\/632\/revisions"}],"predecessor-version":[{"id":641,"href":"https:\/\/www.sanzlamas.com\/en\/wp-json\/wp\/v2\/pages\/632\/revisions\/641"}],"wp:attachment":[{"href":"https:\/\/www.sanzlamas.com\/en\/wp-json\/wp\/v2\/media?parent=632"}],"curies":[{"name":"wp","href":"https:\/\/api.w.org\/{rel}","templated":true}]}}